{"id":133,"date":"2020-03-16T14:38:04","date_gmt":"2020-03-16T13:38:04","guid":{"rendered":"https:\/\/pigier-lyon.com\/blogs\/worldofcimenttiles\/?post_type=product&#038;p=133"},"modified":"2025-01-30T09:56:56","modified_gmt":"2025-01-30T08:56:56","slug":"carreau-antique_beatrice","status":"publish","type":"product","link":"https:\/\/pigier-lyon.com\/blogs\/worldofcimenttiles\/produit\/carreau-antique_beatrice\/","title":{"rendered":"Antique Beatrice"},"content":{"rendered":"<p><span style=\"font-family: 'times new roman', times, serif;color: #000000\">Nos carreaux de ciment antique Beatrice vous emm\u00e8ne en balade, du c\u00f4t\u00e9 des cuisines traditionnelles du Sud de la France. Si le blanc et le bleu s\u2019allient \u00e0 la perfection, chaque motif, tr\u00e8s graphique, semble poss\u00e9der sa propre histoire. Ajoutez \u00e0 cela des dimensions sur-mesure et la finition de votre choix et ouvrez les yeux ! Vous ne r\u00eavez pas, vous \u00eates chez vous !<\/span><\/p>\n<p><span style=\"font-family: 'times new roman', times, serif;color: #000000\">Nos carreaux se posent facilement <strong>sur tout type de support<\/strong>\u00a0(ancien carrelage, brique, pl\u00e2tre\u2026). Utilisez une colle neutre translucide ou des pattes \u00e0 glaces pour miroirs.<\/span><\/p>\n<p><span style=\"font-family: 'times new roman', times, serif;font-size: 10pt;color: #000000\">Carreau : 20 x 20 cm<\/span><br \/>\n<span style=\"font-size: 10pt;font-family: 'times new roman', times, serif;color: #000000\">Type de produit : Mosa\u00efque <\/span><br \/>\n<span style=\"font-size: 10pt;font-family: 'times new roman', times, serif;color: #000000\">Couleur : Bleu <\/span><br \/>\n<span style=\"font-size: 10pt;font-family: 'times new roman', times, serif;color: #000000\">Destination : Sol et Mur <\/span><br \/>\n<span style=\"font-size: 10pt;font-family: 'times new roman', times, serif;color: #000000\">Mati\u00e8re principale : Gr\u00e8s c\u00e9rame \u00e9maill\u00e9 <\/span><br \/>\n<span style=\"font-size: 10pt;font-family: 'times new roman', times, serif;color: #000000\">Bords des carreaux : Droits<\/span><\/p>\n<p><span style=\"color: #000000\"><a style=\"color: #000000\" href=\"https:\/\/pigier-lyon.com\/blogs\/worldofcimenttiles\/produits\/\"><span style=\"font-family: 'times new roman', times, serif\">Retrouvez nos autres gammes de carreaux de ciment.<\/span><\/a><\/span><\/p>\n<p><span style=\"font-family: 'times new roman', times, serif;color: #000000\">Trouvez des id\u00e9es de d\u00e9corations sur notre compte <a style=\"color: #000000\" href=\"https:\/\/www.instagram.com\/word_of_ciment_tiles\/?hl=fr\" target=\"_blank\" rel=\"noopener\">Instagram<\/a>.\u00a0<\/span><\/p>\n<p><span style=\"font-family: 'times new roman', times, serif;color: #000000\">Depuis quelques ann\u00e9es maintenant, les carreaux antique Beatrice habillent les sols et les murs. Ils apportent \u00e0 votre int\u00e9rieur du caract\u00e8re, du style et une ind\u00e9niable touche de charme. Carreaux de ciment graphiques, carreaux de ciment multicolores, carreaux de ciment r\u00e9tro, carreaux de ciment \u00e0 motifs\u2026 Sur tous les tons, les carreaux de ciment ont le vent en poupe ! Carreaux de ciment sur le sol, carreaux de ciment sur les murs, carreaux de ciment en cr\u00e9dence\u2026 Ils sont partout, et c\u2019est tant mieux parce qu\u2019ils ont vraiment quelque chose en plus. Promenez-vous dans ce diaporama, inspirez-vous de nos id\u00e9es et faites votre choix !<\/span><\/p>\n<p><span style=\"font-family: 'times new roman', times, serif;color: #000000\">Des motifs diff\u00e9rents pour un effet graphique tr\u00e8s styl\u00e9, des couleurs <strong>antique bleu<\/strong> pour un joyeux effet de bonne humeur\u2026 Ces carreaux de ciment apportent le charme d\u2019antan mari\u00e9 aux tendances actuelles. On aime !<\/span><\/p>\n","protected":false},"excerpt":{"rendered":"<pre><span style=\"color: #000000;font-family: 'times new roman', times, serif\"><span style=\"font-size: 10pt\">Carreau : 20 x 20 cm<\/span>\r\n<span style=\"font-size: 10pt\">Type de produit : Mosa\u00efque <\/span>\r\n<span style=\"font-size: 10pt\">Couleur : Bleu <\/span>\r\n<span style=\"font-size: 10pt\">Destination : Sol et Mur <\/span>\r\n<span style=\"font-size: 10pt\">Mati\u00e8re principale : Gr\u00e8s c\u00e9rame \u00e9maill\u00e9 <\/span>\r\n<span style=\"font-size: 10pt\">Bords des carreaux : Droits<\/span><\/span><\/pre>\n","protected":false},"featured_media":113,"comment_status":"open","ping_status":"closed","template":"","meta":[],"product_brand":[],"product_cat":[21],"product_tag":[52],"class_list":{"0":"post-133","1":"product","2":"type-product","3":"status-publish","4":"has-post-thumbnail","6":"product_cat-carreaux-antiques","7":"product_tag-antique-beatrice","9":"first","10":"instock","11":"taxable","12":"shipping-taxable","13":"purchasable","14":"product-type-simple"},"_links":{"self":[{"href":"https:\/\/pigier-lyon.com\/blogs\/worldofcimenttiles\/wp-json\/wp\/v2\/product\/133","targetHints":{"allow":["GET"]}}],"collection":[{"href":"https:\/\/pigier-lyon.com\/blogs\/worldofcimenttiles\/wp-json\/wp\/v2\/product"}],"about":[{"href":"https:\/\/pigier-lyon.com\/blogs\/worldofcimenttiles\/wp-json\/wp\/v2\/types\/product"}],"replies":[{"embeddable":true,"href":"https:\/\/pigier-lyon.com\/blogs\/worldofcimenttiles\/wp-json\/wp\/v2\/comments?post=133"}],"wp:featuredmedia":[{"embeddable":true,"href":"https:\/\/pigier-lyon.com\/blogs\/worldofcimenttiles\/wp-json\/wp\/v2\/media\/113"}],"wp:attachment":[{"href":"https:\/\/pigier-lyon.com\/blogs\/worldofcimenttiles\/wp-json\/wp\/v2\/media?parent=133"}],"wp:term":[{"taxonomy":"product_brand","embeddable":true,"href":"https:\/\/pigier-lyon.com\/blogs\/worldofcimenttiles\/wp-json\/wp\/v2\/product_brand?post=133"},{"taxonomy":"product_cat","embeddable":true,"href":"https:\/\/pigier-lyon.com\/blogs\/worldofcimenttiles\/wp-json\/wp\/v2\/product_cat?post=133"},{"taxonomy":"product_tag","embeddable":true,"href":"https:\/\/pigier-lyon.com\/blogs\/worldofcimenttiles\/wp-json\/wp\/v2\/product_tag?post=133"}],"curies":[{"name":"wp","href":"https:\/\/api.w.org\/{rel}","templated":true}]}}