{"id":9,"date":"2024-03-14T09:14:35","date_gmt":"2024-03-14T08:14:35","guid":{"rendered":"https:\/\/pigier-lyon.com\/blogs\/teacolor\/?page_id=9"},"modified":"2024-05-28T11:38:10","modified_gmt":"2024-05-28T09:38:10","slug":"remboursements_retours","status":"publish","type":"page","link":"https:\/\/pigier-lyon.com\/blogs\/teacolor\/remboursements_retours\/","title":{"rendered":"Politique en mati\u00e8re de remboursements et de retours"},"content":{"rendered":"\t\t<div data-elementor-type=\"wp-page\" data-elementor-id=\"9\" class=\"elementor elementor-9\" data-elementor-post-type=\"page\">\n\t\t\t\t<div class=\"elementor-element elementor-element-6a066c91 e-flex e-con-boxed e-con e-parent\" data-id=\"6a066c91\" data-element_type=\"container\" data-e-type=\"container\">\n\t\t\t\t\t<div class=\"e-con-inner\">\n\t\t\t\t<div class=\"elementor-element elementor-element-6b3df648 elementor-widget elementor-widget-text-editor\" data-id=\"6b3df648\" data-element_type=\"widget\" data-e-type=\"widget\" data-widget_type=\"text-editor.default\">\n\t\t\t\t<div class=\"elementor-widget-container\">\n\t\t\t\t\t\t\t\t\t<p><\/p>\n<p><span style=\"color: #008000;font-size: 22px;font-weight: 600;letter-spacing: 0px;text-align: var(--text-align)\"><span style=\"color: #1e5a30\">Prix et modalit\u00e9s de paiement<\/span><\/span><\/p>\n<p><span style=\"color: #000000\">Dans le cadre d&rsquo;une commande, les prix de vente des produits sont indiqu\u00e9s en euros, toutes taxes fran\u00e7aises comprises.<\/span><\/p>\n<p><span style=\"color: #000000\">Il ne comprennent <span style=\"color: #1e5a30\"><strong>pas les frais de livraison<\/strong><\/span> applicables aux produits exp\u00e9dies.<\/span><\/p>\n<p><span style=\"color: #000000\">Le montant des frais de livraison sera indiqu\u00e9 avant la validation de la commande.<\/span><\/p>\n<h3><span style=\"color: #1e5a30\">Modalit\u00e9s de paiement<\/span><\/h3>\n<p><span style=\"color: #000000\">Le paiement des produits et des frais de livraison applicables peut s&rsquo;effectuer en ligne :<\/span><\/p>\n<ul>\n<li><span style=\"color: #000000\">par carte bancaire,<\/span><\/li>\n<li><span style=\"color: #000000\">par Paypal<\/span><\/li>\n<li><span style=\"color: #000000\">par ch\u00e8que<\/span><\/li>\n<\/ul>\n<h3><span style=\"color: #1e5a30\">Livraison<\/span><\/h3>\n<p><span style=\"color: #000000\">La livraison des produits est effectu\u00e9e \u00e0 l&rsquo;adresse indiqu\u00e9e lors de la commande de l&rsquo;acheteur.<\/span><\/p>\n<p><span style=\"color: #000000\">Une date limite de livraison est indiqu\u00e9e \u00e0 l&rsquo;acheteur dans l&#8217;email de confirmation de sa commande. Cette livraison intervient dans les <span style=\"color: #1e5a30\"><strong>15 jours<\/strong><\/span> ouvr\u00e9s suivant la commande.<\/span><\/p>\n<h3><span style=\"text-align: var(--text-align);color: #1e5a30\">Retours<\/span><\/h3>\n<p><\/p>\n<p><\/p>\n<p><span style=\"color: #000000\">Pour pouvoir b\u00e9n\u00e9ficier d&rsquo;un retour, votre article doit \u00eatre retourn\u00e9 sous <span style=\"color: #1e5a30\"><strong>14 jours<\/strong><\/span>.<\/span><\/p>\n<p><span style=\"color: #000000\">L&rsquo;article doit \u00eatre inutilis\u00e9 et dans le m\u00eame \u00e9tat dans lequel vous l&rsquo;avez re\u00e7u. Il doit \u00e9galement \u00eatre dans l&#8217;emballage d&rsquo;origine.\u00a0<\/span><\/p>\n<p><span style=\"color: #000000\"><\/span><\/p>\n<p><span style=\"color: #000000\"><\/span><\/p>\n<p><span style=\"color: #000000\"><\/span><\/p>\n<p><span style=\"color: #000000\"><\/span><\/p>\n<p><span style=\"color: #000000\"><\/span><\/p>\n<p><span style=\"color: #000000\"><\/span><\/p>\n<h2><span style=\"color: #1e5a30;font-size: 14pt\"><span style=\"text-align: var(--text-align)\">Remboursements<\/span><\/span><\/h2>\n<p><span style=\"color: #000000\">Une fois votre retour re\u00e7u et inspect\u00e9, nous vous enverrons un e-mail pour vous informer que nous avons bien re\u00e7u votre article retourn\u00e9. Nous vous informerons \u00e9galement de l&rsquo;approbation de votre remboursement.<\/span><\/p>\n<p><span style=\"color: #000000\">Si votre demande est approuv\u00e9e, votre remboursement sera trait\u00e9 et un remboursement sera automatiquement appliqu\u00e9 \u00e0 votre carte de cr\u00e9dit ou \u00e0 votre mode de paiement d&rsquo;origine, dans un d\u00e9lai de <span style=\"color: #1e5a30\"><strong>15 jours<\/strong><\/span>.<\/span><\/p>\n<h2><span style=\"color: #000000\"><\/span><span style=\"color: #1e5a30;font-size: 14pt\"><b>Remboursements tardifs ou manquants<\/b><\/span><br \/><span style=\"color: #000000\"><\/span><\/h2>\n<p><span style=\"color: #000000\"><\/span><\/p>\n<p><span style=\"color: #000000\"><\/span><\/p>\n<p><span style=\"color: #000000\">Si vous n&rsquo;avez pas encore re\u00e7u de remboursement, v\u00e9rifiez d&rsquo;abord \u00e0 nouveau votre compte bancaire.<\/span><\/p>\n<p><span style=\"color: #000000\">Contactez ensuite notre service client si vous constater un probl\u00e8me.<\/span><\/p>\n<p><span style=\"color: #000000\">Cela peut prendre un certain temps avant que votre remboursement soit officiellement affich\u00e9.\u00a0<\/span><\/p>\n<p><span style=\"color: #000000\"><\/span><\/p>\n<p><span style=\"color: #000000\"><\/span><span style=\"color: #1e5a30;font-size: 14pt\"><b>Articles en solde<\/b><\/span><br \/><span style=\"color: #000000\"><\/span><\/p>\n<p><span style=\"color: #000000\"><\/span><\/p>\n<p><span style=\"color: #000000\">Seuls les articles \u00e0 prix r\u00e9gulier peuvent \u00eatre rembours\u00e9s. Les articles sold\u00e9s ne peuvent donc pas \u00eatre rembours\u00e9s.\u00a0<\/span><\/p>\n<p><span style=\"color: #000000\"><\/span><\/p>\n<p><span style=\"color: #000000\"><\/span><\/p>\n<h2><span style=\"color: #1e5a30;font-size: 14pt\"><span style=\"text-align: var(--text-align)\">Echanges<\/span><\/span><\/h2>\n<p><span style=\"color: #000000\">Nous rempla\u00e7ons uniquement les articles s&rsquo;ils sont d\u00e9fectueux ou endommag\u00e9s. Si vous devez l&rsquo;\u00e9changer contre le m\u00eame article, envoyez-nous un e-mail \u00e0 l&rsquo;adresse suivante : <span style=\"color: #1e5a30\"><strong>info@teacolor.fr<\/strong><\/span> et renvoyer votre article dans notre entrep\u00f4t.\u00a0<\/span><\/p>\n<p><span style=\"color: #000000\"><\/span><\/p>\n<p><span style=\"color: #000000\"><\/span><\/p>\n<p><span style=\"color: #000000\"><\/span><\/p>\n<p><span style=\"color: #000000\"><\/span><\/p>\n<p><span style=\"color: #000000\"><\/span><\/p>\n<p><span style=\"color: #000000\"><\/span><\/p>\n<h2><span style=\"color: #1e5a30;font-size: 14pt\"><span style=\"text-align: var(--text-align)\">Exp\u00e9ditions &amp; retours<\/span><\/span><\/h2>\n<p><span style=\"color: #000000\"><\/span><\/p>\n<p><span style=\"color: #000000\"><\/span><\/p>\n<p><span style=\"color: #000000\">Pour retourner votre produit, vous devez l&rsquo;envoyer \u00e0 :\u00a0<\/span><\/p>\n<p><span style=\"color: #1e5a30\"><em><strong>14 Avenue Georges Pompidou, 69003 Lyon<\/strong><\/em><\/span><\/p>\n<p><span style=\"color: #000000\">Vous serez responsable de payer vos propres frais d&rsquo;exp\u00e9dition pour retourner votre article.<\/span><\/p>\n<p><span style=\"color: #000000\">Lors de votre remboursement, les frais de retour seront d\u00e9duits.<\/span><\/p>\n<p><span style=\"color: #000000\">Selon l&rsquo;endroit o\u00f9 vous habitez, le temps n\u00e9cessaire pour que votre produit \u00e9changer vous parvienne peut varier.<\/span><\/p>\n<h2><span style=\"color: #1e5a30;font-size: 14pt\"><span style=\"text-align: var(--text-align)\">Besoin d&rsquo;aide ?<\/span><\/span><\/h2>\n<p><span style=\"font-size: 12pt;color: #000000\">Contactez-nous pour toute question relative aux remboursements et aux retours.<\/span><\/p>\n<p><\/p>\t\t\t\t\t\t\t\t<\/div>\n\t\t\t\t<\/div>\n\t\t\t\t\t<\/div>\n\t\t\t\t<\/div>\n\t\t\t\t<\/div>\n\t\t","protected":false},"excerpt":{"rendered":"<p>Prix et modalit\u00e9s de paiement Dans le cadre d&rsquo;une commande, les prix de vente des produits sont indiqu\u00e9s en euros, toutes taxes fran\u00e7aises comprises. Il ne comprennent pas les frais de livraison applicables aux produits exp\u00e9dies. Le montant des frais de livraison sera indiqu\u00e9 avant la validation de la commande. Modalit\u00e9s de paiement Le paiement &hellip;<\/p>\n","protected":false},"author":1,"featured_media":0,"parent":0,"menu_order":0,"comment_status":"closed","ping_status":"closed","template":"","meta":{"footnotes":""},"class_list":["post-9","page","type-page","status-publish","hentry"],"_links":{"self":[{"href":"https:\/\/pigier-lyon.com\/blogs\/teacolor\/wp-json\/wp\/v2\/pages\/9","targetHints":{"allow":["GET"]}}],"collection":[{"href":"https:\/\/pigier-lyon.com\/blogs\/teacolor\/wp-json\/wp\/v2\/pages"}],"about":[{"href":"https:\/\/pigier-lyon.com\/blogs\/teacolor\/wp-json\/wp\/v2\/types\/page"}],"author":[{"embeddable":true,"href":"https:\/\/pigier-lyon.com\/blogs\/teacolor\/wp-json\/wp\/v2\/users\/1"}],"replies":[{"embeddable":true,"href":"https:\/\/pigier-lyon.com\/blogs\/teacolor\/wp-json\/wp\/v2\/comments?post=9"}],"version-history":[{"count":40,"href":"https:\/\/pigier-lyon.com\/blogs\/teacolor\/wp-json\/wp\/v2\/pages\/9\/revisions"}],"predecessor-version":[{"id":1472,"href":"https:\/\/pigier-lyon.com\/blogs\/teacolor\/wp-json\/wp\/v2\/pages\/9\/revisions\/1472"}],"wp:attachment":[{"href":"https:\/\/pigier-lyon.com\/blogs\/teacolor\/wp-json\/wp\/v2\/media?parent=9"}],"curies":[{"name":"wp","href":"https:\/\/api.w.org\/{rel}","templated":true}]}}