{"id":649,"date":"2021-05-04T15:25:09","date_gmt":"2021-05-04T13:25:09","guid":{"rendered":"https:\/\/pigier-lyon.com\/blogs\/cronosport\/?page_id=649"},"modified":"2021-06-29T08:43:34","modified_gmt":"2021-06-29T06:43:34","slug":"accueil","status":"publish","type":"page","link":"https:\/\/pigier-lyon.com\/blogs\/cronosport\/","title":{"rendered":"Accueil CronoSport"},"content":{"rendered":"\t\t<div data-elementor-type=\"wp-page\" data-elementor-id=\"649\" class=\"elementor elementor-649\" data-elementor-post-type=\"page\">\n\t\t\t\t\t\t<section class=\"elementor-section elementor-top-section elementor-element elementor-element-f86f2fd elementor-section-stretched elementor-section-boxed elementor-section-height-default elementor-section-height-default\" data-id=\"f86f2fd\" data-element_type=\"section\" data-e-type=\"section\" data-settings=\"{&quot;stretch_section&quot;:&quot;section-stretched&quot;}\">\n\t\t\t\t\t\t<div class=\"elementor-container elementor-column-gap-default\">\n\t\t\t\t\t<div class=\"elementor-column elementor-col-100 elementor-top-column elementor-element elementor-element-42135fa\" data-id=\"42135fa\" data-element_type=\"column\" data-e-type=\"column\">\n\t\t\t<div class=\"elementor-widget-wrap elementor-element-populated\">\n\t\t\t\t\t\t<div class=\"elementor-element elementor-element-e7e85cb elementor-widget elementor-widget-image\" data-id=\"e7e85cb\" data-element_type=\"widget\" data-e-type=\"widget\" data-widget_type=\"image.default\">\n\t\t\t\t<div class=\"elementor-widget-container\">\n\t\t\t\t\t\t\t\t\t\t\t\t\t\t\t<img fetchpriority=\"high\" decoding=\"async\" width=\"1024\" height=\"96\" src=\"https:\/\/pigier-lyon.com\/blogs\/cronosport\/wp-content\/uploads\/sites\/116\/2021\/05\/cropped-cropped-banie\u0300re-1-1024x96.png\" class=\"attachment-large size-large wp-image-884\" alt=\"\" srcset=\"https:\/\/pigier-lyon.com\/blogs\/cronosport\/wp-content\/uploads\/sites\/116\/2021\/05\/cropped-cropped-banie\u0300re-1-1024x96.png 1024w, https:\/\/pigier-lyon.com\/blogs\/cronosport\/wp-content\/uploads\/sites\/116\/2021\/05\/cropped-cropped-banie\u0300re-1-300x28.png 300w, https:\/\/pigier-lyon.com\/blogs\/cronosport\/wp-content\/uploads\/sites\/116\/2021\/05\/cropped-cropped-banie\u0300re-1-768x72.png 768w, https:\/\/pigier-lyon.com\/blogs\/cronosport\/wp-content\/uploads\/sites\/116\/2021\/05\/cropped-cropped-banie\u0300re-1-1536x144.png 1536w, https:\/\/pigier-lyon.com\/blogs\/cronosport\/wp-content\/uploads\/sites\/116\/2021\/05\/cropped-cropped-banie\u0300re-1-600x56.png 600w, https:\/\/pigier-lyon.com\/blogs\/cronosport\/wp-content\/uploads\/sites\/116\/2021\/05\/cropped-cropped-banie\u0300re-1-228x21.png 228w, https:\/\/pigier-lyon.com\/blogs\/cronosport\/wp-content\/uploads\/sites\/116\/2021\/05\/cropped-cropped-banie\u0300re-1.png 1920w\" sizes=\"(max-width: 1024px) 100vw, 1024px\" \/>\t\t\t\t\t\t\t\t\t\t\t\t\t\t\t<\/div>\n\t\t\t\t<\/div>\n\t\t\t\t\t<\/div>\n\t\t<\/div>\n\t\t\t\t\t<\/div>\n\t\t<\/section>\n\t\t\t\t<section class=\"elementor-section elementor-top-section elementor-element elementor-element-b2c6a11 elementor-section-stretched elementor-section-boxed elementor-section-height-default elementor-section-height-default\" data-id=\"b2c6a11\" data-element_type=\"section\" data-e-type=\"section\" data-settings=\"{&quot;stretch_section&quot;:&quot;section-stretched&quot;}\">\n\t\t\t\t\t\t<div class=\"elementor-container elementor-column-gap-default\">\n\t\t\t\t\t<div class=\"elementor-column elementor-col-100 elementor-top-column elementor-element elementor-element-59efae1\" data-id=\"59efae1\" data-element_type=\"column\" data-e-type=\"column\">\n\t\t\t<div class=\"elementor-widget-wrap elementor-element-populated\">\n\t\t\t\t\t\t<div class=\"elementor-element elementor-element-b23cecb elementor-widget elementor-widget-heading\" data-id=\"b23cecb\" data-element_type=\"widget\" data-e-type=\"widget\" data-widget_type=\"heading.default\">\n\t\t\t\t<div class=\"elementor-widget-container\">\n\t\t\t\t\t<h1 class=\"elementor-heading-title elementor-size-default\">Bienvenue sur l'accueil de CronoSport<\/h1>\t\t\t\t<\/div>\n\t\t\t\t<\/div>\n\t\t\t\t\t<\/div>\n\t\t<\/div>\n\t\t\t\t\t<\/div>\n\t\t<\/section>\n\t\t\t\t<section class=\"elementor-section elementor-top-section elementor-element elementor-element-c4ca687 elementor-section-stretched elementor-section-boxed elementor-section-height-default elementor-section-height-default\" data-id=\"c4ca687\" data-element_type=\"section\" data-e-type=\"section\" data-settings=\"{&quot;stretch_section&quot;:&quot;section-stretched&quot;}\">\n\t\t\t\t\t\t<div class=\"elementor-container elementor-column-gap-default\">\n\t\t\t\t\t<div class=\"elementor-column elementor-col-100 elementor-top-column elementor-element elementor-element-fc3d1b5\" data-id=\"fc3d1b5\" data-element_type=\"column\" data-e-type=\"column\">\n\t\t\t<div class=\"elementor-widget-wrap elementor-element-populated\">\n\t\t\t\t\t\t<section class=\"elementor-section elementor-inner-section elementor-element elementor-element-a8cded2 elementor-section-boxed elementor-section-height-default elementor-section-height-default\" data-id=\"a8cded2\" data-element_type=\"section\" data-e-type=\"section\">\n\t\t\t\t\t\t<div class=\"elementor-container elementor-column-gap-default\">\n\t\t\t\t\t<div class=\"elementor-column elementor-col-50 elementor-inner-column elementor-element elementor-element-51cd3e0\" data-id=\"51cd3e0\" data-element_type=\"column\" data-e-type=\"column\">\n\t\t\t<div class=\"elementor-widget-wrap elementor-element-populated\">\n\t\t\t\t\t\t<div class=\"elementor-element elementor-element-6ba7ec7 elementor-widget elementor-widget-spacer\" data-id=\"6ba7ec7\" data-element_type=\"widget\" data-e-type=\"widget\" data-widget_type=\"spacer.default\">\n\t\t\t\t<div class=\"elementor-widget-container\">\n\t\t\t\t\t\t\t<div class=\"elementor-spacer\">\n\t\t\t<div class=\"elementor-spacer-inner\"><\/div>\n\t\t<\/div>\n\t\t\t\t\t\t<\/div>\n\t\t\t\t<\/div>\n\t\t\t\t<div class=\"elementor-element elementor-element-4c8e0ee elementor-widget elementor-widget-image\" data-id=\"4c8e0ee\" data-element_type=\"widget\" data-e-type=\"widget\" data-widget_type=\"image.default\">\n\t\t\t\t<div class=\"elementor-widget-container\">\n\t\t\t\t\t\t\t\t\t\t\t\t\t\t\t<img decoding=\"async\" width=\"251\" height=\"300\" src=\"https:\/\/pigier-lyon.com\/blogs\/cronosport\/wp-content\/uploads\/sites\/116\/2020\/11\/cropped-Logo-baseline-sans-fond-2-251x300.png\" class=\"attachment-medium size-medium wp-image-560\" alt=\"\" srcset=\"https:\/\/pigier-lyon.com\/blogs\/cronosport\/wp-content\/uploads\/sites\/116\/2020\/11\/cropped-Logo-baseline-sans-fond-2-251x300.png 251w, https:\/\/pigier-lyon.com\/blogs\/cronosport\/wp-content\/uploads\/sites\/116\/2020\/11\/cropped-Logo-baseline-sans-fond-2-50x60.png 50w, https:\/\/pigier-lyon.com\/blogs\/cronosport\/wp-content\/uploads\/sites\/116\/2020\/11\/cropped-Logo-baseline-sans-fond-2-600x716.png 600w, https:\/\/pigier-lyon.com\/blogs\/cronosport\/wp-content\/uploads\/sites\/116\/2020\/11\/cropped-Logo-baseline-sans-fond-2-97x116.png 97w, https:\/\/pigier-lyon.com\/blogs\/cronosport\/wp-content\/uploads\/sites\/116\/2020\/11\/cropped-Logo-baseline-sans-fond-2.png 635w\" sizes=\"(max-width: 251px) 100vw, 251px\" \/>\t\t\t\t\t\t\t\t\t\t\t\t\t\t\t<\/div>\n\t\t\t\t<\/div>\n\t\t\t\t\t<\/div>\n\t\t<\/div>\n\t\t\t\t<div class=\"elementor-column elementor-col-50 elementor-inner-column elementor-element elementor-element-d077495\" data-id=\"d077495\" data-element_type=\"column\" data-e-type=\"column\">\n\t\t\t<div class=\"elementor-widget-wrap elementor-element-populated\">\n\t\t\t\t\t\t<div class=\"elementor-element elementor-element-903e781 elementor-widget elementor-widget-text-editor\" data-id=\"903e781\" data-element_type=\"widget\" data-e-type=\"widget\" data-widget_type=\"text-editor.default\">\n\t\t\t\t<div class=\"elementor-widget-container\">\n\t\t\t\t\t\t\t\t\t<p>D&rsquo;abord, l&rsquo;accueil de Cronosport veut vous dire un mot&#8230;<\/p><p>\u00ab\u00a0Pour commencer, nos victoires nous appartiennent effectivement.<\/p><p>D\u00e9sormais, les v\u00eatements de CronoSport ne battent pas nos records personnels. C\u2019est bien nous, les sportifs, qui le faisons. Globalement ce sprint en plus, cette passe r\u00e9ussie aussi ce but marqu\u00e9 : c\u2019est le travail de vos jambes ainsi que de votre esprit. Donc une journ\u00e9e de d\u00e9tente ou un jour de match CronoSport accompagne les athl\u00e8tes. Vous trouverez sur ce site tout l\u2019\u00e9quipement dont votre \u00e9quipe a besoin pour l\u2019accompagner au sommet.\u00a0\u00bb<\/p><p>D\u00e9couvrez nos gammes de produits !<\/p>\t\t\t\t\t\t\t\t<\/div>\n\t\t\t\t<\/div>\n\t\t\t\t\t<\/div>\n\t\t<\/div>\n\t\t\t\t\t<\/div>\n\t\t<\/section>\n\t\t\t\t<div class=\"elementor-element elementor-element-6565084 elementor-align-center elementor-invisible elementor-widget elementor-widget-button\" data-id=\"6565084\" data-element_type=\"widget\" data-e-type=\"widget\" data-settings=\"{&quot;_animation&quot;:&quot;fadeInLeft&quot;}\" data-widget_type=\"button.default\">\n\t\t\t\t<div class=\"elementor-widget-container\">\n\t\t\t\t\t\t\t\t\t<div class=\"elementor-button-wrapper\">\n\t\t\t\t\t<a class=\"elementor-button elementor-button-link elementor-size-lg\" href=\"https:\/\/pigier-lyon.com\/blogs\/cronosport\/boutique\/\" target=\"_blank\">\n\t\t\t\t\t\t<span class=\"elementor-button-content-wrapper\">\n\t\t\t\t\t\t<span class=\"elementor-button-icon\">\n\t\t\t\t<i aria-hidden=\"true\" class=\"fas fa-shopping-cart\"><\/i>\t\t\t<\/span>\n\t\t\t\t\t\t\t\t\t<span class=\"elementor-button-text\">La boutique<\/span>\n\t\t\t\t\t<\/span>\n\t\t\t\t\t<\/a>\n\t\t\t\t<\/div>\n\t\t\t\t\t\t\t\t<\/div>\n\t\t\t\t<\/div>\n\t\t\t\t\t<\/div>\n\t\t<\/div>\n\t\t\t\t\t<\/div>\n\t\t<\/section>\n\t\t\t\t<section class=\"elementor-section elementor-top-section elementor-element elementor-element-177cd81 elementor-section-stretched elementor-section-boxed elementor-section-height-default elementor-section-height-default\" data-id=\"177cd81\" data-element_type=\"section\" data-e-type=\"section\" data-settings=\"{&quot;stretch_section&quot;:&quot;section-stretched&quot;}\">\n\t\t\t\t\t\t<div class=\"elementor-container elementor-column-gap-default\">\n\t\t\t\t\t<div class=\"elementor-column elementor-col-100 elementor-top-column elementor-element elementor-element-0994496\" data-id=\"0994496\" data-element_type=\"column\" data-e-type=\"column\">\n\t\t\t<div class=\"elementor-widget-wrap elementor-element-populated\">\n\t\t\t\t\t\t<div class=\"elementor-element elementor-element-127f567 elementor-widget elementor-widget-spacer\" data-id=\"127f567\" data-element_type=\"widget\" data-e-type=\"widget\" data-widget_type=\"spacer.default\">\n\t\t\t\t<div class=\"elementor-widget-container\">\n\t\t\t\t\t\t\t<div class=\"elementor-spacer\">\n\t\t\t<div class=\"elementor-spacer-inner\"><\/div>\n\t\t<\/div>\n\t\t\t\t\t\t<\/div>\n\t\t\t\t<\/div>\n\t\t\t\t<div class=\"elementor-element elementor-element-186e0fd elementor-widget-divider--view-line elementor-widget elementor-widget-divider\" data-id=\"186e0fd\" data-element_type=\"widget\" data-e-type=\"widget\" data-widget_type=\"divider.default\">\n\t\t\t\t<div class=\"elementor-widget-container\">\n\t\t\t\t\t\t\t<div class=\"elementor-divider\">\n\t\t\t<span class=\"elementor-divider-separator\">\n\t\t\t\t\t\t<\/span>\n\t\t<\/div>\n\t\t\t\t\t\t<\/div>\n\t\t\t\t<\/div>\n\t\t\t\t<div class=\"elementor-element elementor-element-7f98d6a elementor-widget elementor-widget-heading\" data-id=\"7f98d6a\" data-element_type=\"widget\" data-e-type=\"widget\" data-widget_type=\"heading.default\">\n\t\t\t\t<div class=\"elementor-widget-container\">\n\t\t\t\t\t<h2 class=\"elementor-heading-title elementor-size-default\">Envie d'en savoir plus que la page d'accueil ?<\/h2>\t\t\t\t<\/div>\n\t\t\t\t<\/div>\n\t\t\t\t\t<\/div>\n\t\t<\/div>\n\t\t\t\t\t<\/div>\n\t\t<\/section>\n\t\t\t\t<section class=\"elementor-section elementor-top-section elementor-element elementor-element-5909761 elementor-section-stretched elementor-section-boxed elementor-section-height-default elementor-section-height-default\" data-id=\"5909761\" data-element_type=\"section\" data-e-type=\"section\" data-settings=\"{&quot;stretch_section&quot;:&quot;section-stretched&quot;}\">\n\t\t\t\t\t\t<div class=\"elementor-container elementor-column-gap-default\">\n\t\t\t\t\t<div class=\"elementor-column elementor-col-100 elementor-top-column elementor-element elementor-element-d2852e4\" data-id=\"d2852e4\" data-element_type=\"column\" data-e-type=\"column\">\n\t\t\t<div class=\"elementor-widget-wrap elementor-element-populated\">\n\t\t\t\t\t\t<div class=\"elementor-element elementor-element-9ad54fe elementor-widget elementor-widget-text-editor\" data-id=\"9ad54fe\" data-element_type=\"widget\" data-e-type=\"widget\" data-widget_type=\"text-editor.default\">\n\t\t\t\t<div class=\"elementor-widget-container\">\n\t\t\t\t\t\t\t\t\t<p>Vous avez fait le tour de la page d&rsquo;accueil ? Envie de d\u00e9couvrir qui se cache derri\u00e8re ce site ? Rendez-vous sur la page <a href=\"https:\/\/pigier-lyon.com\/blogs\/cronosport\/presentation-cronosport\/\">Pr\u00e9sentation CronoSport<\/a>\u00a0qui saura r\u00e9pondre \u00e0 votre curiosit\u00e9 ! Vous pourrez y trouver une description de chacun des membres et leur parcours. Vous d\u00e9couvrirez aussi l\u2019histoire de cette marque.<\/p><p>Une question ? Une id\u00e9e ? Une exp\u00e9rience \u00e0 partager ?\u00a0C\u2019est sur la page\u00a0<a href=\"https:\/\/pigier-lyon.com\/blogs\/cronosport\/contactez-cronosport\/\">contact<\/a>\u00a0que \u00e7a se passe ! Retrouvez toutes nos coordonn\u00e9es afin de nous faire part de votre avis et \u00e9changer sur notre passion commune du football.<\/p>\t\t\t\t\t\t\t\t<\/div>\n\t\t\t\t<\/div>\n\t\t\t\t\t<\/div>\n\t\t<\/div>\n\t\t\t\t\t<\/div>\n\t\t<\/section>\n\t\t\t\t<section class=\"elementor-section elementor-top-section elementor-element elementor-element-3c014df elementor-section-stretched elementor-section-boxed elementor-section-height-default elementor-section-height-default\" data-id=\"3c014df\" data-element_type=\"section\" data-e-type=\"section\" data-settings=\"{&quot;stretch_section&quot;:&quot;section-stretched&quot;}\">\n\t\t\t\t\t\t<div class=\"elementor-container elementor-column-gap-default\">\n\t\t\t\t\t<div class=\"elementor-column elementor-col-100 elementor-top-column elementor-element elementor-element-2188247\" data-id=\"2188247\" data-element_type=\"column\" data-e-type=\"column\">\n\t\t\t<div class=\"elementor-widget-wrap elementor-element-populated\">\n\t\t\t\t\t\t<div class=\"elementor-element elementor-element-ad4bf81 elementor-widget elementor-widget-spacer\" data-id=\"ad4bf81\" data-element_type=\"widget\" data-e-type=\"widget\" data-widget_type=\"spacer.default\">\n\t\t\t\t<div class=\"elementor-widget-container\">\n\t\t\t\t\t\t\t<div class=\"elementor-spacer\">\n\t\t\t<div class=\"elementor-spacer-inner\"><\/div>\n\t\t<\/div>\n\t\t\t\t\t\t<\/div>\n\t\t\t\t<\/div>\n\t\t\t\t<div class=\"elementor-element elementor-element-7e09809 elementor-widget-divider--view-line elementor-widget elementor-widget-divider\" data-id=\"7e09809\" data-element_type=\"widget\" data-e-type=\"widget\" data-widget_type=\"divider.default\">\n\t\t\t\t<div class=\"elementor-widget-container\">\n\t\t\t\t\t\t\t<div class=\"elementor-divider\">\n\t\t\t<span class=\"elementor-divider-separator\">\n\t\t\t\t\t\t<\/span>\n\t\t<\/div>\n\t\t\t\t\t\t<\/div>\n\t\t\t\t<\/div>\n\t\t\t\t<div class=\"elementor-element elementor-element-50d3249 elementor-widget elementor-widget-heading\" data-id=\"50d3249\" data-element_type=\"widget\" data-e-type=\"widget\" data-widget_type=\"heading.default\">\n\t\t\t\t<div class=\"elementor-widget-container\">\n\t\t\t\t\t<h2 class=\"elementor-heading-title elementor-size-default\">Envie de d\u00e9couvrir notre premier client ?<\/h2>\t\t\t\t<\/div>\n\t\t\t\t<\/div>\n\t\t\t\t<div class=\"elementor-element elementor-element-5b456fa elementor-widget elementor-widget-text-editor\" data-id=\"5b456fa\" data-element_type=\"widget\" data-e-type=\"widget\" data-widget_type=\"text-editor.default\">\n\t\t\t\t<div class=\"elementor-widget-container\">\n\t\t\t\t\t\t\t\t\t<p>Pour commencer, notre premier client <a href=\"https:\/\/www.andrezieuxboutheonfc.com\/\" target=\"_blank\" rel=\"noopener\">Andr\u00e9zieux-Bouth\u00e9on Football Club<\/a> nous a rejoint en 2021 pour un contrat de 4 ans. Autrement dit un bon moment. Nous avons la chance de rencontrer les repr\u00e9sentants lors d&rsquo;un meeting pour les clubs de National ainsi que lors des tirages de la Coupe de France. De plus, c&rsquo;est un club avec une histoire forte et de surcro\u00eet une ambition que nous partageons car eux aussi ils visent les sommets.<\/p><p>Tout en reconnaissant que nous nous sommes reconnus en eux et d\u2019ailleurs ils se sont reconnus en nous et c&rsquo;est pourquoi nous avons d\u00e9cid\u00e9 de commencer un bout de chemin ensemble et pourquoi pas d\u00e9couvrir les sommets de National pour d\u00e9couvrir le monde pro de la Ligue 2 et dans ce cas, pourquoi pas un jour celui de la <a href=\"https:\/\/fr.wikipedia.org\/wiki\/Championnat_de_France_de_football\" target=\"_blank\" rel=\"noopener\">Ligue 1<\/a>. Vous pouvez d\u00e9couvrir d\u00e8s \u00e0 pr\u00e9sent les produits que nous avons cr\u00e9\u00e9 pour eux dans la rubrique boutique de ce site web.\u00a0<\/p>\t\t\t\t\t\t\t\t<\/div>\n\t\t\t\t<\/div>\n\t\t\t\t\t<\/div>\n\t\t<\/div>\n\t\t\t\t\t<\/div>\n\t\t<\/section>\n\t\t\t\t<section class=\"elementor-section elementor-top-section elementor-element elementor-element-6056aa5 elementor-section-stretched elementor-section-boxed elementor-section-height-default elementor-section-height-default\" data-id=\"6056aa5\" data-element_type=\"section\" data-e-type=\"section\" data-settings=\"{&quot;stretch_section&quot;:&quot;section-stretched&quot;}\">\n\t\t\t\t\t\t<div class=\"elementor-container elementor-column-gap-default\">\n\t\t\t\t\t<div class=\"elementor-column elementor-col-100 elementor-top-column elementor-element elementor-element-d6d7942\" data-id=\"d6d7942\" data-element_type=\"column\" data-e-type=\"column\">\n\t\t\t<div class=\"elementor-widget-wrap elementor-element-populated\">\n\t\t\t\t\t\t<div class=\"elementor-element elementor-element-e940a2b elementor-widget elementor-widget-video\" data-id=\"e940a2b\" data-element_type=\"widget\" data-e-type=\"widget\" data-settings=\"{&quot;youtube_url&quot;:&quot;https:\\\/\\\/www.youtube.com\\\/watch?v=XQSi2JzHB2A&amp;ab_channel=Andr%C3%A9zieux-Bouth%C3%A9onFootballClub&quot;,&quot;video_type&quot;:&quot;youtube&quot;,&quot;controls&quot;:&quot;yes&quot;}\" data-widget_type=\"video.default\">\n\t\t\t\t<div class=\"elementor-widget-container\">\n\t\t\t\t\t\t\t<div class=\"elementor-wrapper elementor-open-inline\">\n\t\t\t<div class=\"elementor-video\"><\/div>\t\t<\/div>\n\t\t\t\t\t\t<\/div>\n\t\t\t\t<\/div>\n\t\t\t\t\t<\/div>\n\t\t<\/div>\n\t\t\t\t\t<\/div>\n\t\t<\/section>\n\t\t\t\t<\/div>\n\t\t","protected":false},"excerpt":{"rendered":"<p>Bienvenue sur l&rsquo;accueil de CronoSport D&rsquo;abord, l&rsquo;accueil de Cronosport veut vous dire un mot&#8230; \u00ab\u00a0Pour commencer, nos victoires nous appartiennent effectivement. D\u00e9sormais, les v\u00eatements de CronoSport ne battent pas nos records personnels. C\u2019est bien nous, les sportifs, qui le faisons. Globalement ce sprint en plus, cette passe r\u00e9ussie aussi ce but marqu\u00e9 : c\u2019est le &hellip;<\/p>\n","protected":false},"author":190,"featured_media":0,"parent":0,"menu_order":0,"comment_status":"closed","ping_status":"closed","template":"","meta":{"footnotes":""},"class_list":["post-649","page","type-page","status-publish","hentry"],"_links":{"self":[{"href":"https:\/\/pigier-lyon.com\/blogs\/cronosport\/wp-json\/wp\/v2\/pages\/649","targetHints":{"allow":["GET"]}}],"collection":[{"href":"https:\/\/pigier-lyon.com\/blogs\/cronosport\/wp-json\/wp\/v2\/pages"}],"about":[{"href":"https:\/\/pigier-lyon.com\/blogs\/cronosport\/wp-json\/wp\/v2\/types\/page"}],"author":[{"embeddable":true,"href":"https:\/\/pigier-lyon.com\/blogs\/cronosport\/wp-json\/wp\/v2\/users\/190"}],"replies":[{"embeddable":true,"href":"https:\/\/pigier-lyon.com\/blogs\/cronosport\/wp-json\/wp\/v2\/comments?post=649"}],"version-history":[{"count":108,"href":"https:\/\/pigier-lyon.com\/blogs\/cronosport\/wp-json\/wp\/v2\/pages\/649\/revisions"}],"predecessor-version":[{"id":1017,"href":"https:\/\/pigier-lyon.com\/blogs\/cronosport\/wp-json\/wp\/v2\/pages\/649\/revisions\/1017"}],"wp:attachment":[{"href":"https:\/\/pigier-lyon.com\/blogs\/cronosport\/wp-json\/wp\/v2\/media?parent=649"}],"curies":[{"name":"wp","href":"https:\/\/api.w.org\/{rel}","templated":true}]}}