{"id":104,"date":"2020-01-22T10:59:21","date_gmt":"2020-01-22T09:59:21","guid":{"rendered":"https:\/\/pigier-lyon.com\/blogs\/aquafish\/?page_id=104"},"modified":"2020-06-03T20:05:09","modified_gmt":"2020-06-03T18:05:09","slug":"accessoires-et-decorations","status":"publish","type":"page","link":"https:\/\/pigier-lyon.com\/blogs\/aquafish\/accessoires-et-decorations\/","title":{"rendered":"Accessoires et d\u00e9corations"},"content":{"rendered":"\t\t<div data-elementor-type=\"wp-page\" data-elementor-id=\"104\" class=\"elementor elementor-104\" data-elementor-post-type=\"page\">\n\t\t\t\t\t\t<section class=\"elementor-section elementor-top-section elementor-element elementor-element-e35875d elementor-section-boxed elementor-section-height-default elementor-section-height-default\" data-id=\"e35875d\" data-element_type=\"section\" data-e-type=\"section\">\n\t\t\t\t\t\t<div class=\"elementor-container elementor-column-gap-default\">\n\t\t\t\t\t<div class=\"elementor-column elementor-col-100 elementor-top-column elementor-element elementor-element-09112a7\" data-id=\"09112a7\" data-element_type=\"column\" data-e-type=\"column\">\n\t\t\t<div class=\"elementor-widget-wrap elementor-element-populated\">\n\t\t\t\t\t\t<div class=\"elementor-element elementor-element-133a627 elementor-widget elementor-widget-text-editor\" data-id=\"133a627\" data-element_type=\"widget\" data-e-type=\"widget\" data-widget_type=\"text-editor.default\">\n\t\t\t\t<div class=\"elementor-widget-container\">\n\t\t\t\t\t\t\t\t\t<p>Au-del\u00e0 du bien-\u00eatre incontournable des poissons, les accessoires et les d\u00e9corations d\u2019un aquarium font partie int\u00e9grante du plaisir qu\u2019\u00e9prouvent les aquariophiles \u00e0 recr\u00e9er un environnement en miniature. Il faut pouvoir adapter cette d\u00e9coration aux besoins sp\u00e9cifiques des poissons, choisir des produits sans danger, mais aussi laisser parler votre fantaisie avec des \u00e9l\u00e9ments qui vous plaisent et qui soulignent la f\u00e9\u00e9rie qui r\u00e8gne dans un aquarium r\u00e9ussi.<\/p><p>Entre les bulleurs, les cachettes, les plantes naturelles et artificiels, les galets ou encore les statuettes, les possibilit\u00e9s sont larges pour cr\u00e9er l&rsquo;aquarium de vos r\u00eaves ! Dans notre boutique Aqua Fish, vous retrouverez tous ces accessoires et toutes les d\u00e9corations n\u00e9cessaires pour cr\u00e9er votre monde aquatique. N&rsquo;h\u00e9sitez pas \u00e0 venir nous vous en boutique pour avoir davantage ou \u00e0 nous contacter directement en <a href=\"https:\/\/pigier-lyon.com\/blogs\/aquafish\/contact\/\">cliquant ici !<\/a><\/p>\t\t\t\t\t\t\t\t<\/div>\n\t\t\t\t<\/div>\n\t\t\t\t\t<\/div>\n\t\t<\/div>\n\t\t\t\t\t<\/div>\n\t\t<\/section>\n\t\t\t\t<section class=\"elementor-section elementor-top-section elementor-element elementor-element-4029f85 elementor-section-boxed elementor-section-height-default elementor-section-height-default\" data-id=\"4029f85\" data-element_type=\"section\" data-e-type=\"section\">\n\t\t\t\t\t\t<div class=\"elementor-container elementor-column-gap-default\">\n\t\t\t\t\t<div class=\"elementor-column elementor-col-50 elementor-top-column elementor-element elementor-element-28f2c8f\" data-id=\"28f2c8f\" data-element_type=\"column\" data-e-type=\"column\">\n\t\t\t<div class=\"elementor-widget-wrap elementor-element-populated\">\n\t\t\t\t\t\t<div class=\"elementor-element elementor-element-e2e8ae3 elementor-widget elementor-widget-image\" data-id=\"e2e8ae3\" data-element_type=\"widget\" data-e-type=\"widget\" data-widget_type=\"image.default\">\n\t\t\t\t<div class=\"elementor-widget-container\">\n\t\t\t\t\t\t\t\t\t\t\t\t\t\t\t\t<a href=\"https:\/\/pigier-lyon.com\/blogs\/aquafish\/2020\/05\/30\/collection-asie-de-lest\/\">\n\t\t\t\t\t\t\t<img decoding=\"async\" width=\"150\" height=\"150\" src=\"https:\/\/pigier-lyon.com\/blogs\/aquafish\/wp-content\/uploads\/sites\/66\/2020\/05\/70589889_2511250705765046_3978219075737223168_n-150x150.jpg\" class=\"attachment-thumbnail size-thumbnail wp-image-343\" alt=\"Asie Accessoires et d\u00e9corations\" srcset=\"https:\/\/pigier-lyon.com\/blogs\/aquafish\/wp-content\/uploads\/sites\/66\/2020\/05\/70589889_2511250705765046_3978219075737223168_n-150x150.jpg 150w, https:\/\/pigier-lyon.com\/blogs\/aquafish\/wp-content\/uploads\/sites\/66\/2020\/05\/70589889_2511250705765046_3978219075737223168_n-60x60.jpg 60w, https:\/\/pigier-lyon.com\/blogs\/aquafish\/wp-content\/uploads\/sites\/66\/2020\/05\/70589889_2511250705765046_3978219075737223168_n-100x100.jpg 100w, https:\/\/pigier-lyon.com\/blogs\/aquafish\/wp-content\/uploads\/sites\/66\/2020\/05\/70589889_2511250705765046_3978219075737223168_n.jpg 236w\" sizes=\"(max-width: 150px) 100vw, 150px\" \/>\t\t\t\t\t\t\t\t<\/a>\n\t\t\t\t\t\t\t\t\t\t\t\t\t\t\t<\/div>\n\t\t\t\t<\/div>\n\t\t\t\t<div class=\"elementor-element elementor-element-b46052e elementor-widget elementor-widget-text-editor\" data-id=\"b46052e\" data-element_type=\"widget\" data-e-type=\"widget\" data-widget_type=\"text-editor.default\">\n\t\t\t\t<div class=\"elementor-widget-container\">\n\t\t\t\t\t\t\t\t\t<p style=\"text-align: center\"><span style=\"font-size: 14pt\"><a href=\"https:\/\/pigier-lyon.com\/blogs\/aquafish\/2020\/05\/30\/collection-asie-de-lest\/?preview_id=361&amp;preview_nonce=e228a92f0a&amp;_thumbnail_id=343&amp;preview=true\"><strong>Collection Asie de l&rsquo;Est<\/strong><\/a><\/span><\/p>\t\t\t\t\t\t\t\t<\/div>\n\t\t\t\t<\/div>\n\t\t\t\t<div class=\"elementor-element elementor-element-8500996 elementor-align-center elementor-widget elementor-widget-button\" data-id=\"8500996\" data-element_type=\"widget\" data-e-type=\"widget\" data-widget_type=\"button.default\">\n\t\t\t\t<div class=\"elementor-widget-container\">\n\t\t\t\t\t\t\t\t\t<div class=\"elementor-button-wrapper\">\n\t\t\t\t\t<a class=\"elementor-button elementor-button-link elementor-size-sm\" href=\"https:\/\/pigier-lyon.com\/blogs\/aquafish\/2020\/05\/30\/collection-asie-de-lest\/\">\n\t\t\t\t\t\t<span class=\"elementor-button-content-wrapper\">\n\t\t\t\t\t\t\t\t\t<span class=\"elementor-button-text\">Cliquez ici<\/span>\n\t\t\t\t\t<\/span>\n\t\t\t\t\t<\/a>\n\t\t\t\t<\/div>\n\t\t\t\t\t\t\t\t<\/div>\n\t\t\t\t<\/div>\n\t\t\t\t\t<\/div>\n\t\t<\/div>\n\t\t\t\t<div class=\"elementor-column elementor-col-50 elementor-top-column elementor-element elementor-element-d3c0597\" data-id=\"d3c0597\" data-element_type=\"column\" data-e-type=\"column\">\n\t\t\t<div class=\"elementor-widget-wrap elementor-element-populated\">\n\t\t\t\t\t\t<div class=\"elementor-element elementor-element-daf35fd elementor-widget elementor-widget-image\" data-id=\"daf35fd\" data-element_type=\"widget\" data-e-type=\"widget\" data-widget_type=\"image.default\">\n\t\t\t\t<div class=\"elementor-widget-container\">\n\t\t\t\t\t\t\t\t\t\t\t\t\t\t\t\t<a href=\"https:\/\/pigier-lyon.com\/blogs\/aquafish\/2020\/05\/31\/collection-florale\/\">\n\t\t\t\t\t\t\t<img decoding=\"async\" width=\"150\" height=\"150\" src=\"https:\/\/pigier-lyon.com\/blogs\/aquafish\/wp-content\/uploads\/sites\/66\/2020\/05\/71248338_1273524766160744_8326155593513435136_n-150x150.jpg\" class=\"attachment-thumbnail size-thumbnail wp-image-345\" alt=\"produits Collection florale Accessoires et d\u00e9corations\" srcset=\"https:\/\/pigier-lyon.com\/blogs\/aquafish\/wp-content\/uploads\/sites\/66\/2020\/05\/71248338_1273524766160744_8326155593513435136_n-150x150.jpg 150w, https:\/\/pigier-lyon.com\/blogs\/aquafish\/wp-content\/uploads\/sites\/66\/2020\/05\/71248338_1273524766160744_8326155593513435136_n-300x300.jpg 300w, https:\/\/pigier-lyon.com\/blogs\/aquafish\/wp-content\/uploads\/sites\/66\/2020\/05\/71248338_1273524766160744_8326155593513435136_n-400x400.jpg 400w, https:\/\/pigier-lyon.com\/blogs\/aquafish\/wp-content\/uploads\/sites\/66\/2020\/05\/71248338_1273524766160744_8326155593513435136_n-60x60.jpg 60w, https:\/\/pigier-lyon.com\/blogs\/aquafish\/wp-content\/uploads\/sites\/66\/2020\/05\/71248338_1273524766160744_8326155593513435136_n-100x100.jpg 100w, https:\/\/pigier-lyon.com\/blogs\/aquafish\/wp-content\/uploads\/sites\/66\/2020\/05\/71248338_1273524766160744_8326155593513435136_n.jpg 425w\" sizes=\"(max-width: 150px) 100vw, 150px\" \/>\t\t\t\t\t\t\t\t<\/a>\n\t\t\t\t\t\t\t\t\t\t\t\t\t\t\t<\/div>\n\t\t\t\t<\/div>\n\t\t\t\t<div class=\"elementor-element elementor-element-7d7d27d elementor-widget elementor-widget-text-editor\" data-id=\"7d7d27d\" data-element_type=\"widget\" data-e-type=\"widget\" data-widget_type=\"text-editor.default\">\n\t\t\t\t<div class=\"elementor-widget-container\">\n\t\t\t\t\t\t\t\t\t<p style=\"text-align: center\"><span style=\"font-size: 14pt\"><a href=\"https:\/\/pigier-lyon.com\/blogs\/aquafish\/2020\/05\/31\/collection-florale\/?preview_id=366&amp;preview_nonce=5ffa8219a8&amp;_thumbnail_id=345&amp;preview=true\"><strong>Collection florale<\/strong><\/a><\/span><\/p>\t\t\t\t\t\t\t\t<\/div>\n\t\t\t\t<\/div>\n\t\t\t\t<div class=\"elementor-element elementor-element-60d63e3 elementor-align-center elementor-widget elementor-widget-button\" data-id=\"60d63e3\" data-element_type=\"widget\" data-e-type=\"widget\" data-widget_type=\"button.default\">\n\t\t\t\t<div class=\"elementor-widget-container\">\n\t\t\t\t\t\t\t\t\t<div class=\"elementor-button-wrapper\">\n\t\t\t\t\t<a class=\"elementor-button elementor-button-link elementor-size-sm\" href=\"https:\/\/pigier-lyon.com\/blogs\/aquafish\/2020\/05\/31\/collection-florale\/\">\n\t\t\t\t\t\t<span class=\"elementor-button-content-wrapper\">\n\t\t\t\t\t\t\t\t\t<span class=\"elementor-button-text\">Cliquez ici<\/span>\n\t\t\t\t\t<\/span>\n\t\t\t\t\t<\/a>\n\t\t\t\t<\/div>\n\t\t\t\t\t\t\t\t<\/div>\n\t\t\t\t<\/div>\n\t\t\t\t\t<\/div>\n\t\t<\/div>\n\t\t\t\t\t<\/div>\n\t\t<\/section>\n\t\t\t\t<section class=\"elementor-section elementor-top-section elementor-element elementor-element-944b90f elementor-section-boxed elementor-section-height-default elementor-section-height-default\" data-id=\"944b90f\" data-element_type=\"section\" data-e-type=\"section\">\n\t\t\t\t\t\t<div class=\"elementor-container elementor-column-gap-default\">\n\t\t\t\t\t<div class=\"elementor-column elementor-col-100 elementor-top-column elementor-element elementor-element-233a054\" data-id=\"233a054\" data-element_type=\"column\" data-e-type=\"column\">\n\t\t\t<div class=\"elementor-widget-wrap elementor-element-populated\">\n\t\t\t\t\t\t<div class=\"elementor-element elementor-element-d332499 elementor-widget elementor-widget-spacer\" data-id=\"d332499\" data-element_type=\"widget\" data-e-type=\"widget\" data-widget_type=\"spacer.default\">\n\t\t\t\t<div class=\"elementor-widget-container\">\n\t\t\t\t\t\t\t<div class=\"elementor-spacer\">\n\t\t\t<div class=\"elementor-spacer-inner\"><\/div>\n\t\t<\/div>\n\t\t\t\t\t\t<\/div>\n\t\t\t\t<\/div>\n\t\t\t\t\t<\/div>\n\t\t<\/div>\n\t\t\t\t\t<\/div>\n\t\t<\/section>\n\t\t\t\t<section class=\"elementor-section elementor-top-section elementor-element elementor-element-f2e7a49 elementor-section-boxed elementor-section-height-default elementor-section-height-default\" data-id=\"f2e7a49\" data-element_type=\"section\" data-e-type=\"section\">\n\t\t\t\t\t\t<div class=\"elementor-container elementor-column-gap-default\">\n\t\t\t\t\t<div class=\"elementor-column elementor-col-50 elementor-top-column elementor-element elementor-element-43aeefb\" data-id=\"43aeefb\" data-element_type=\"column\" data-e-type=\"column\">\n\t\t\t<div class=\"elementor-widget-wrap elementor-element-populated\">\n\t\t\t\t\t\t<div class=\"elementor-element elementor-element-8c141c7 elementor-widget elementor-widget-image\" data-id=\"8c141c7\" data-element_type=\"widget\" data-e-type=\"widget\" data-widget_type=\"image.default\">\n\t\t\t\t<div class=\"elementor-widget-container\">\n\t\t\t\t\t\t\t\t\t\t\t\t\t\t\t\t<a href=\"https:\/\/pigier-lyon.com\/blogs\/aquafish\/2020\/06\/01\/collection-grece-antique\/\">\n\t\t\t\t\t\t\t<img decoding=\"async\" width=\"150\" height=\"150\" src=\"https:\/\/pigier-lyon.com\/blogs\/aquafish\/wp-content\/uploads\/sites\/66\/2020\/05\/71X5fY8wHyL._AC_SX679_-150x150.jpg\" class=\"attachment-thumbnail size-thumbnail wp-image-346\" alt=\"antique\" srcset=\"https:\/\/pigier-lyon.com\/blogs\/aquafish\/wp-content\/uploads\/sites\/66\/2020\/05\/71X5fY8wHyL._AC_SX679_-150x150.jpg 150w, https:\/\/pigier-lyon.com\/blogs\/aquafish\/wp-content\/uploads\/sites\/66\/2020\/05\/71X5fY8wHyL._AC_SX679_-400x400.jpg 400w, https:\/\/pigier-lyon.com\/blogs\/aquafish\/wp-content\/uploads\/sites\/66\/2020\/05\/71X5fY8wHyL._AC_SX679_-60x60.jpg 60w, https:\/\/pigier-lyon.com\/blogs\/aquafish\/wp-content\/uploads\/sites\/66\/2020\/05\/71X5fY8wHyL._AC_SX679_-300x300.jpg 300w, https:\/\/pigier-lyon.com\/blogs\/aquafish\/wp-content\/uploads\/sites\/66\/2020\/05\/71X5fY8wHyL._AC_SX679_-100x100.jpg 100w\" sizes=\"(max-width: 150px) 100vw, 150px\" \/>\t\t\t\t\t\t\t\t<\/a>\n\t\t\t\t\t\t\t\t\t\t\t\t\t\t\t<\/div>\n\t\t\t\t<\/div>\n\t\t\t\t<div class=\"elementor-element elementor-element-21d9fe8 elementor-widget elementor-widget-text-editor\" data-id=\"21d9fe8\" data-element_type=\"widget\" data-e-type=\"widget\" data-widget_type=\"text-editor.default\">\n\t\t\t\t<div class=\"elementor-widget-container\">\n\t\t\t\t\t\t\t\t\t<p style=\"text-align: center\"><span style=\"font-size: 14pt\"><a href=\"https:\/\/pigier-lyon.com\/blogs\/aquafish\/2020\/06\/01\/collection-grece-antique\/?preview=true\"><strong>Collection Gr\u00e8ce Antique<\/strong><\/a><\/span><\/p>\t\t\t\t\t\t\t\t<\/div>\n\t\t\t\t<\/div>\n\t\t\t\t<div class=\"elementor-element elementor-element-2026134 elementor-align-center elementor-widget elementor-widget-button\" data-id=\"2026134\" data-element_type=\"widget\" data-e-type=\"widget\" data-widget_type=\"button.default\">\n\t\t\t\t<div class=\"elementor-widget-container\">\n\t\t\t\t\t\t\t\t\t<div class=\"elementor-button-wrapper\">\n\t\t\t\t\t<a class=\"elementor-button elementor-button-link elementor-size-sm\" href=\"https:\/\/pigier-lyon.com\/blogs\/aquafish\/2020\/06\/01\/collection-grece-antique\/\">\n\t\t\t\t\t\t<span class=\"elementor-button-content-wrapper\">\n\t\t\t\t\t\t\t\t\t<span class=\"elementor-button-text\">Cliquez ici<\/span>\n\t\t\t\t\t<\/span>\n\t\t\t\t\t<\/a>\n\t\t\t\t<\/div>\n\t\t\t\t\t\t\t\t<\/div>\n\t\t\t\t<\/div>\n\t\t\t\t\t<\/div>\n\t\t<\/div>\n\t\t\t\t<div class=\"elementor-column elementor-col-50 elementor-top-column elementor-element elementor-element-83df615\" data-id=\"83df615\" data-element_type=\"column\" data-e-type=\"column\">\n\t\t\t<div class=\"elementor-widget-wrap elementor-element-populated\">\n\t\t\t\t\t\t<div class=\"elementor-element elementor-element-b60a142 elementor-widget elementor-widget-image\" data-id=\"b60a142\" data-element_type=\"widget\" data-e-type=\"widget\" data-widget_type=\"image.default\">\n\t\t\t\t<div class=\"elementor-widget-container\">\n\t\t\t\t\t\t\t\t\t\t\t\t\t\t\t\t<a href=\"https:\/\/pigier-lyon.com\/blogs\/aquafish\/2020\/06\/01\/collection-amazonie\/\">\n\t\t\t\t\t\t\t<img loading=\"lazy\" decoding=\"async\" width=\"150\" height=\"150\" src=\"https:\/\/pigier-lyon.com\/blogs\/aquafish\/wp-content\/uploads\/sites\/66\/2020\/05\/70304572_388791545124636_8954875935916556288_n-150x150.jpg\" class=\"attachment-thumbnail size-thumbnail wp-image-342\" alt=\"amazonie Accessoires et d\u00e9corations\" srcset=\"https:\/\/pigier-lyon.com\/blogs\/aquafish\/wp-content\/uploads\/sites\/66\/2020\/05\/70304572_388791545124636_8954875935916556288_n-150x150.jpg 150w, https:\/\/pigier-lyon.com\/blogs\/aquafish\/wp-content\/uploads\/sites\/66\/2020\/05\/70304572_388791545124636_8954875935916556288_n-60x60.jpg 60w, https:\/\/pigier-lyon.com\/blogs\/aquafish\/wp-content\/uploads\/sites\/66\/2020\/05\/70304572_388791545124636_8954875935916556288_n-100x100.jpg 100w, https:\/\/pigier-lyon.com\/blogs\/aquafish\/wp-content\/uploads\/sites\/66\/2020\/05\/70304572_388791545124636_8954875935916556288_n.jpg 236w\" sizes=\"(max-width: 150px) 100vw, 150px\" \/>\t\t\t\t\t\t\t\t<\/a>\n\t\t\t\t\t\t\t\t\t\t\t\t\t\t\t<\/div>\n\t\t\t\t<\/div>\n\t\t\t\t<div class=\"elementor-element elementor-element-a5cdcdb elementor-widget elementor-widget-text-editor\" data-id=\"a5cdcdb\" data-element_type=\"widget\" data-e-type=\"widget\" data-widget_type=\"text-editor.default\">\n\t\t\t\t<div class=\"elementor-widget-container\">\n\t\t\t\t\t\t\t\t\t<p style=\"text-align: center\"><span style=\"font-size: 14pt\"><a href=\"https:\/\/pigier-lyon.com\/blogs\/aquafish\/2020\/06\/01\/collection-amazonie\/?preview_id=410&amp;amp;preview_nonce=0541970aa5&amp;amp;_thumbnail_id=346&amp;amp;preview=true\"><strong>Collection Amazonie<\/strong><\/a><\/span><\/p>\t\t\t\t\t\t\t\t<\/div>\n\t\t\t\t<\/div>\n\t\t\t\t<div class=\"elementor-element elementor-element-137f4cb elementor-align-center elementor-widget elementor-widget-button\" data-id=\"137f4cb\" data-element_type=\"widget\" data-e-type=\"widget\" data-widget_type=\"button.default\">\n\t\t\t\t<div class=\"elementor-widget-container\">\n\t\t\t\t\t\t\t\t\t<div class=\"elementor-button-wrapper\">\n\t\t\t\t\t<a class=\"elementor-button elementor-button-link elementor-size-sm\" href=\"https:\/\/pigier-lyon.com\/blogs\/aquafish\/2020\/06\/01\/collection-amazonie\/\">\n\t\t\t\t\t\t<span class=\"elementor-button-content-wrapper\">\n\t\t\t\t\t\t\t\t\t<span class=\"elementor-button-text\">Cliquez ici<\/span>\n\t\t\t\t\t<\/span>\n\t\t\t\t\t<\/a>\n\t\t\t\t<\/div>\n\t\t\t\t\t\t\t\t<\/div>\n\t\t\t\t<\/div>\n\t\t\t\t\t<\/div>\n\t\t<\/div>\n\t\t\t\t\t<\/div>\n\t\t<\/section>\n\t\t\t\t<section class=\"elementor-section elementor-top-section elementor-element elementor-element-6d24383 elementor-section-boxed elementor-section-height-default elementor-section-height-default\" data-id=\"6d24383\" data-element_type=\"section\" data-e-type=\"section\">\n\t\t\t\t\t\t<div class=\"elementor-container elementor-column-gap-default\">\n\t\t\t\t\t<div class=\"elementor-column elementor-col-100 elementor-top-column elementor-element elementor-element-11a8f15\" data-id=\"11a8f15\" data-element_type=\"column\" data-e-type=\"column\">\n\t\t\t<div class=\"elementor-widget-wrap elementor-element-populated\">\n\t\t\t\t\t\t<div class=\"elementor-element elementor-element-caa05e2 elementor-widget elementor-widget-text-editor\" data-id=\"caa05e2\" data-element_type=\"widget\" data-e-type=\"widget\" data-widget_type=\"text-editor.default\">\n\t\t\t\t<div class=\"elementor-widget-container\">\n\t\t\t\t\t\t\t\t\t<p>A la recherche d&rsquo;inspiration ? Retrouvez nos id\u00e9es de d\u00e9coration d&rsquo;aquariums sur notre <a href=\"https:\/\/www.instagram.com\/aqua_fish69\/?hl=fr\" target=\"_blank\" rel=\"noopener\">Instagram<\/a> ! Vous pouvez aussi nous partager vos plus belles d\u00e9corations avec le #AquaFish69<\/p>\t\t\t\t\t\t\t\t<\/div>\n\t\t\t\t<\/div>\n\t\t\t\t\t<\/div>\n\t\t<\/div>\n\t\t\t\t\t<\/div>\n\t\t<\/section>\n\t\t\t\t<\/div>\n\t\t","protected":false},"excerpt":{"rendered":"<p>Au-del\u00e0 du bien-\u00eatre incontournable des poissons, les accessoires et les d\u00e9corations d\u2019un aquarium font partie int\u00e9grante du plaisir qu\u2019\u00e9prouvent les &hellip; <a href=\"https:\/\/pigier-lyon.com\/blogs\/aquafish\/accessoires-et-decorations\/\" class=\"more-link\">Continue reading <span class=\"screen-reader-text\">Accessoires et d\u00e9corations<\/span><\/a><\/p>\n","protected":false},"author":360,"featured_media":0,"parent":0,"menu_order":0,"comment_status":"closed","ping_status":"closed","template":"","meta":{"footnotes":""},"class_list":["post-104","page","type-page","status-publish","hentry"],"_links":{"self":[{"href":"https:\/\/pigier-lyon.com\/blogs\/aquafish\/wp-json\/wp\/v2\/pages\/104","targetHints":{"allow":["GET"]}}],"collection":[{"href":"https:\/\/pigier-lyon.com\/blogs\/aquafish\/wp-json\/wp\/v2\/pages"}],"about":[{"href":"https:\/\/pigier-lyon.com\/blogs\/aquafish\/wp-json\/wp\/v2\/types\/page"}],"author":[{"embeddable":true,"href":"https:\/\/pigier-lyon.com\/blogs\/aquafish\/wp-json\/wp\/v2\/users\/360"}],"replies":[{"embeddable":true,"href":"https:\/\/pigier-lyon.com\/blogs\/aquafish\/wp-json\/wp\/v2\/comments?post=104"}],"version-history":[{"count":31,"href":"https:\/\/pigier-lyon.com\/blogs\/aquafish\/wp-json\/wp\/v2\/pages\/104\/revisions"}],"predecessor-version":[{"id":740,"href":"https:\/\/pigier-lyon.com\/blogs\/aquafish\/wp-json\/wp\/v2\/pages\/104\/revisions\/740"}],"wp:attachment":[{"href":"https:\/\/pigier-lyon.com\/blogs\/aquafish\/wp-json\/wp\/v2\/media?parent=104"}],"curies":[{"name":"wp","href":"https:\/\/api.w.org\/{rel}","templated":true}]}}